{"id":2157,"date":"2021-03-11T08:53:28","date_gmt":"2021-03-11T08:53:28","guid":{"rendered":"http:\/\/monikawilla.pl\/?page_id=2157"},"modified":"2023-11-19T10:30:43","modified_gmt":"2023-11-19T10:30:43","slug":"oferty","status":"publish","type":"page","link":"http:\/\/monikawilla.pl\/index.php\/oferty\/","title":{"rendered":"Oferty specjalne"},"content":{"rendered":"<p>[vc_row full_width=&#8221;stretch_row&#8221; parallax=&#8221;content-moving&#8221; parallax_image=&#8221;2158&#8243; stm_parallax=&#8221;enable&#8221; shadow_x_offset=&#8221;0&#8243; shadow_y_offset=&#8221;0&#8243; shadow_blur=&#8221;0&#8243; shadow_spread=&#8221;0&#8243; shadow_color=&#8221;&#8221; css=&#8221;.vc_custom_1615457975949{margin-top: 0px !important;border-top-width: 0px !important;padding-top: 120px !important;background-image: url(http:\/\/monikawilla.pl\/wp-content\/uploads\/2021\/03\/Oferty-willa-Monika.jpg?id=2158) !important;}&#8221; stm_transparent_bg=&#8221;rgba(17,17,17,0.5)&#8221;][vc_column css_animation=&#8221;none&#8221; shadow_x_offset=&#8221;0&#8243; shadow_y_offset=&#8221;0&#8243; shadow_blur=&#8221;0&#8243; shadow_spread=&#8221;0&#8243; shadow_color=&#8221;&#8221; offset=&#8221;vc_col-lg-offset-2 vc_col-lg-8 vc_col-md-offset-2 vc_col-md-8 vc_col-xs-12&#8243;][stm_spacer height_tablet=&#8221;120&#8243; height_mobile=&#8221;70&#8243; height=&#8221;220&#8243;][vc_custom_heading text=&#8221;Oferty&#8221; font_container=&#8221;tag:h3|font_size:72|text_align:center|color:%23ffffff&#8221; use_theme_fonts=&#8221;yes&#8221; css=&#8221;.vc_custom_1615452865902{margin-bottom: 30px !important;}&#8221;][stm_spacer height=&#8221;160&#8243; height_tablet=&#8221;130&#8243; height_mobile=&#8221;70&#8243;][\/vc_column][\/vc_row][vc_row][vc_column][stm_spacer height=&#8221;40&#8243; height_tablet=&#8221;30&#8243; height_mobile=&#8221;20&#8243;][\/vc_column][\/vc_row][vc_row][vc_column][vc_basic_grid post_type=&#8221;post&#8221; max_items=&#8221;3&#8243; style=&#8221;pagination&#8221; items_per_page=&#8221;3&#8243; item=&#8221;2171&#8243; grid_id=&#8221;vc_gid:1615458453070-2d12f64dc94a2f28201e7cc20b8141d1-3&#8243;][\/vc_column][\/vc_row]<\/p>\n","protected":false},"excerpt":{"rendered":"<p>[vc_row full_width=&#8221;stretch_row&#8221; parallax=&#8221;content-moving&#8221; parallax_image=&#8221;2158&#8243; stm_parallax=&#8221;enable&#8221; shadow_x_offset=&#8221;0&#8243; shadow_y_offset=&#8221;0&#8243; shadow_blur=&#8221;0&#8243; shadow_spread=&#8221;0&#8243; shadow_color=&#8221;&#8221; css=&#8221;.vc_custom_1615457975949{margin-top: 0px !important;border-top-width: 0px !important;padding-top: 120px !important;background-image: url(http:\/\/monikawilla.pl\/wp-content\/uploads\/2021\/03\/Oferty-willa-Monika.jpg?id=2158) !important;}&#8221; stm_transparent_bg=&#8221;rgba(17,17,17,0.5)&#8221;][vc_column css_animation=&#8221;none&#8221; shadow_x_offset=&#8221;0&#8243; shadow_y_offset=&#8221;0&#8243; shadow_blur=&#8221;0&#8243; shadow_spread=&#8221;0&#8243; shadow_color=&#8221;&#8221; offset=&#8221;vc_col-lg-offset-2 vc_col-lg-8 vc_col-md-offset-2 vc_col-md-8 vc_col-xs-12&#8243;][stm_spacer height_tablet=&#8221;120&#8243; height_mobile=&#8221;70&#8243; height=&#8221;220&#8243;][vc_custom_heading text=&#8221;Oferty&#8221; font_container=&#8221;tag:h3|font_size:72|text_align:center|color:%23ffffff&#8221; use_theme_fonts=&#8221;yes&#8221; css=&#8221;.vc_custom_1615452865902{margin-bottom: 30px !important;}&#8221;][stm_spacer height=&#8221;160&#8243; height_tablet=&#8221;130&#8243; height_mobile=&#8221;70&#8243;][\/vc_column][\/vc_row][vc_row][vc_column][stm_spacer height=&#8221;40&#8243; height_tablet=&#8221;30&#8243; height_mobile=&#8221;20&#8243;][\/vc_column][\/vc_row][vc_row][vc_column][vc_basic_grid post_type=&#8221;post&#8221; max_items=&#8221;3&#8243; style=&#8221;pagination&#8221; items_per_page=&#8221;3&#8243; item=&#8221;2171&#8243; grid_id=&#8221;vc_gid:1615458453070-2d12f64dc94a2f28201e7cc20b8141d1-3&#8243;][\/vc_column][\/vc_row]<\/p>\n","protected":false},"author":1,"featured_media":2158,"parent":0,"menu_order":0,"comment_status":"closed","ping_status":"closed","template":"","meta":[],"yoast_head":"<!-- This site is optimized with the Yoast SEO plugin v16.0 - https:\/\/yoast.com\/wordpress\/plugins\/seo\/ -->\n<title>Oferty specjalne - Willa Monika i Restauracja R\u00f3\u017ca Wiatr\u00f3w<\/title>\n<meta name=\"description\" content=\"Pensjonat Monika Pokoje Go\u015bcinne Halama Willa Kwatery Krynica Morska Wczasy Noclegi Pensjonaty R\u00f3\u017ca Wiatr\u00f3w Opinie Restauracja\" \/>\n<link rel=\"canonical\" href=\"http:\/\/monikawilla.pl\/index.php\/oferty\/\" \/>\n<meta property=\"og:locale\" content=\"pl_PL\" \/>\n<meta property=\"og:type\" content=\"article\" \/>\n<meta property=\"og:title\" content=\"Oferty specjalne - Willa Monika i Restauracja R\u00f3\u017ca Wiatr\u00f3w\" \/>\n<meta property=\"og:description\" content=\"Pensjonat Monika Pokoje Go\u015bcinne Halama Willa Kwatery Krynica Morska Wczasy Noclegi Pensjonaty R\u00f3\u017ca Wiatr\u00f3w Opinie Restauracja\" \/>\n<meta property=\"og:url\" content=\"http:\/\/monikawilla.pl\/index.php\/oferty\/\" \/>\n<meta property=\"og:site_name\" content=\"Willa Monika i Restauracja R\u00f3\u017ca Wiatr\u00f3w\" \/>\n<meta property=\"article:publisher\" content=\"https:\/\/www.facebook.com\/Willa-Monika-i-Restauracja-R%c3%b3%c5%bca-Wiatr%c3%b3w-Krynica-Morska-366341340165587\" \/>\n<meta property=\"article:modified_time\" content=\"2023-11-19T10:30:43+00:00\" \/>\n<meta property=\"og:image\" content=\"http:\/\/monikawilla.pl\/wp-content\/uploads\/2021\/03\/Oferty-willa-Monika.jpg\" \/>\n\t<meta property=\"og:image:width\" content=\"1500\" \/>\n\t<meta property=\"og:image:height\" content=\"463\" \/>\n<meta name=\"twitter:card\" content=\"summary_large_image\" \/>\n<meta name=\"twitter:label1\" content=\"Est. reading time\">\n\t<meta name=\"twitter:data1\" content=\"1 minuta\">\n<script type=\"application\/ld+json\" class=\"yoast-schema-graph\">{\"@context\":\"https:\/\/schema.org\",\"@graph\":[{\"@type\":\"Organization\",\"@id\":\"http:\/\/monikawilla.pl\/#organization\",\"name\":\"Willa Monika i Restauracja R\\u00f3\\u017ca Wiatr\\u00f3w - Krynica Morska\",\"url\":\"http:\/\/monikawilla.pl\/\",\"sameAs\":[\"https:\/\/www.facebook.com\/Willa-Monika-i-Restauracja-R\\u00f3\\u017ca-Wiatr\\u00f3w-Krynica-Morska-366341340165587\"],\"logo\":{\"@type\":\"ImageObject\",\"@id\":\"http:\/\/monikawilla.pl\/#logo\",\"inLanguage\":\"pl-PL\",\"url\":\"http:\/\/monikawilla.pl\/wp-content\/uploads\/2021\/02\/logo_willa-monika_wybrane1.png\",\"width\":1772,\"height\":970,\"caption\":\"Willa Monika i Restauracja R\\u00f3\\u017ca Wiatr\\u00f3w - Krynica Morska\"},\"image\":{\"@id\":\"http:\/\/monikawilla.pl\/#logo\"}},{\"@type\":\"WebSite\",\"@id\":\"http:\/\/monikawilla.pl\/#website\",\"url\":\"http:\/\/monikawilla.pl\/\",\"name\":\"Willa Monika i Restauracja R\\u00f3\\u017ca Wiatr\\u00f3w\",\"description\":\"Komfortowe pokoje oraz pyszna restauracja w Krynicy Morskiej\",\"publisher\":{\"@id\":\"http:\/\/monikawilla.pl\/#organization\"},\"potentialAction\":[{\"@type\":\"SearchAction\",\"target\":\"http:\/\/monikawilla.pl\/?s={search_term_string}\",\"query-input\":\"required name=search_term_string\"}],\"inLanguage\":\"pl-PL\"},{\"@type\":\"ImageObject\",\"@id\":\"http:\/\/monikawilla.pl\/index.php\/oferty\/#primaryimage\",\"inLanguage\":\"pl-PL\",\"url\":\"http:\/\/monikawilla.pl\/wp-content\/uploads\/2021\/03\/Oferty-willa-Monika.jpg\",\"width\":1500,\"height\":463},{\"@type\":\"WebPage\",\"@id\":\"http:\/\/monikawilla.pl\/index.php\/oferty\/#webpage\",\"url\":\"http:\/\/monikawilla.pl\/index.php\/oferty\/\",\"name\":\"Oferty specjalne - Willa Monika i Restauracja R\\u00f3\\u017ca Wiatr\\u00f3w\",\"isPartOf\":{\"@id\":\"http:\/\/monikawilla.pl\/#website\"},\"primaryImageOfPage\":{\"@id\":\"http:\/\/monikawilla.pl\/index.php\/oferty\/#primaryimage\"},\"datePublished\":\"2021-03-11T08:53:28+00:00\",\"dateModified\":\"2023-11-19T10:30:43+00:00\",\"description\":\"Pensjonat Monika Pokoje Go\\u015bcinne Halama Willa Kwatery Krynica Morska Wczasy Noclegi Pensjonaty R\\u00f3\\u017ca Wiatr\\u00f3w Opinie Restauracja\",\"breadcrumb\":{\"@id\":\"http:\/\/monikawilla.pl\/index.php\/oferty\/#breadcrumb\"},\"inLanguage\":\"pl-PL\",\"potentialAction\":[{\"@type\":\"ReadAction\",\"target\":[\"http:\/\/monikawilla.pl\/index.php\/oferty\/\"]}]},{\"@type\":\"BreadcrumbList\",\"@id\":\"http:\/\/monikawilla.pl\/index.php\/oferty\/#breadcrumb\",\"itemListElement\":[{\"@type\":\"ListItem\",\"position\":1,\"item\":{\"@type\":\"WebPage\",\"@id\":\"http:\/\/monikawilla.pl\/\",\"url\":\"http:\/\/monikawilla.pl\/\",\"name\":\"Strona g\\u0142\\u00f3wna\"}},{\"@type\":\"ListItem\",\"position\":2,\"item\":{\"@type\":\"WebPage\",\"@id\":\"http:\/\/monikawilla.pl\/index.php\/oferty\/\",\"url\":\"http:\/\/monikawilla.pl\/index.php\/oferty\/\",\"name\":\"Oferty specjalne\"}}]}]}<\/script>\n<!-- \/ Yoast SEO plugin. -->","_links":{"self":[{"href":"http:\/\/monikawilla.pl\/index.php\/wp-json\/wp\/v2\/pages\/2157"}],"collection":[{"href":"http:\/\/monikawilla.pl\/index.php\/wp-json\/wp\/v2\/pages"}],"about":[{"href":"http:\/\/monikawilla.pl\/index.php\/wp-json\/wp\/v2\/types\/page"}],"author":[{"embeddable":true,"href":"http:\/\/monikawilla.pl\/index.php\/wp-json\/wp\/v2\/users\/1"}],"replies":[{"embeddable":true,"href":"http:\/\/monikawilla.pl\/index.php\/wp-json\/wp\/v2\/comments?post=2157"}],"version-history":[{"count":14,"href":"http:\/\/monikawilla.pl\/index.php\/wp-json\/wp\/v2\/pages\/2157\/revisions"}],"predecessor-version":[{"id":3156,"href":"http:\/\/monikawilla.pl\/index.php\/wp-json\/wp\/v2\/pages\/2157\/revisions\/3156"}],"wp:featuredmedia":[{"embeddable":true,"href":"http:\/\/monikawilla.pl\/index.php\/wp-json\/wp\/v2\/media\/2158"}],"wp:attachment":[{"href":"http:\/\/monikawilla.pl\/index.php\/wp-json\/wp\/v2\/media?parent=2157"}],"curies":[{"name":"wp","href":"https:\/\/api.w.org\/{rel}","templated":true}]}}