{"id":1958,"date":"2021-03-04T15:01:22","date_gmt":"2021-03-04T15:01:22","guid":{"rendered":"http:\/\/monikawilla.pl\/?page_id=1958"},"modified":"2025-05-12T14:04:24","modified_gmt":"2025-05-12T14:04:24","slug":"willa-monika-ii","status":"publish","type":"page","link":"http:\/\/monikawilla.pl\/index.php\/willa-monika-ii\/","title":{"rendered":"Willa Monika II"},"content":{"rendered":"<p>[vc_row equal_height=&#8221;yes&#8221; content_placement=&#8221;middle&#8221; shadow_x_offset=&#8221;0&#8243; shadow_y_offset=&#8221;0&#8243; shadow_blur=&#8221;0&#8243; shadow_spread=&#8221;0&#8243;][vc_column][stm_spacer height=&#8221;150&#8243;][vc_custom_heading text=&#8221;Willa Monika II &#8211; galeria&#8221; font_container=&#8221;tag:h3|text_align:center|color:%232b2b2b&#8221; use_theme_fonts=&#8221;yes&#8221; css_animation=&#8221;fadeIn&#8221; css=&#8221;.vc_custom_1614873741331{padding-top: 50px !important;padding-bottom: 50px !important;}&#8221;][\/vc_column][\/vc_row][vc_row][vc_column][\/vc_column][\/vc_row][vc_row][vc_column][vc_tta_accordion][vc_tta_section title=&#8221;I pi\u0119tro&#8221; tab_id=&#8221;1615466768541-cd247c1f-e1db&#8221;][stm_images_gallery_with_categories images=&#8221;%5B%7B%22category%22%3A%22Pok%C3%B3j%20nr%20201%22%2C%22images_array%22%3A%223355%2C3354%2C3356%2C3357%2C3358%2C3359%2C1983%22%7D%2C%7B%22category%22%3A%22Pok%C3%B3j%20nr%20202%22%2C%22images_array%22%3A%222463%2C2464%2C2458%2C2459%2C2460%2C2461%2C2462%22%7D%2C%7B%22category%22%3A%22Pok%C3%B3j%20nr%20203%22%2C%22images_array%22%3A%222410%2C2469%2C2412%2C2411%2C2466%2C2467%2C2468%2C2008%22%7D%2C%7B%22category%22%3A%22Pok%C3%B3j%20nr%20204%22%2C%22images_array%22%3A%222398%2C2397%2C2399%2C2400%2C2401%2C2402%2C2472%2C2470%2C2471%2C2473%2C2474%2C2475%2C2476%2C2477%2C2478%22%7D%2C%7B%22category%22%3A%22Pok%C3%B3j%20nr%20205%22%2C%22images_array%22%3A%223363%2C3362%2C3365%2C3364%2C3361%2C3366%2C3012%22%7D%2C%7B%22category%22%3A%22Pok%C3%B3j%20nr%20205%22%2C%22images_array%22%3A%222246%2C2247%2C2248%2C2249%22%7D%2C%7B%22category%22%3A%22Pok%C3%B3j%20nr%20206%22%2C%22images_array%22%3A%222484%2C2479%2C2480%2C2481%2C2482%2C2483%2C2485%2C2486%22%7D%2C%7B%7D%5D&#8221; number=&#8221;9&#8243; img_size=&#8221;240&#215;240&#8243;][vc_column_text][\/vc_column_text][\/vc_tta_section][vc_tta_section title=&#8221;II pi\u0119tro&#8221; tab_id=&#8221;1615466768541-3bbc307f-58dd&#8221;][stm_images_gallery_with_categories images=&#8221;%5B%7B%22category%22%3A%22Pok%C3%B3j%20nr%20301%22%2C%22images_array%22%3A%222995%2C2996%2C2997%2C2998%2C2999%2C3000%2C3001%2C3002%22%7D%2C%7B%22category%22%3A%22Pok%C3%B3j%20nr%20302%22%2C%22images_array%22%3A%223071%2C3072%2C3073%2C3074%2C3075%2C1972%2C2498%22%7D%2C%7B%22category%22%3A%22Pok%C3%B3j%20nr%20303%22%2C%22images_array%22%3A%223368%2C3369%2C3370%2C3371%2C3012%22%7D%2C%7B%22category%22%3A%22Pok%C3%B3j%20nr%20304%22%2C%22images_array%22%3A%223068%2C3064%2C3070%2C3065%2C3066%2C3067%2C3069%2C2494%22%7D%5D&#8221; number=&#8221;9&#8243; img_size=&#8221;240&#215;240&#8243;][\/vc_tta_section][\/vc_tta_accordion][\/vc_column][\/vc_row]<\/p>\n","protected":false},"excerpt":{"rendered":"<p>[vc_row equal_height=&#8221;yes&#8221; content_placement=&#8221;middle&#8221; shadow_x_offset=&#8221;0&#8243; shadow_y_offset=&#8221;0&#8243; shadow_blur=&#8221;0&#8243; shadow_spread=&#8221;0&#8243;][vc_column][stm_spacer height=&#8221;150&#8243;][vc_custom_heading text=&#8221;Willa Monika II &#8211; galeria&#8221; font_container=&#8221;tag:h3|text_align:center|color:%232b2b2b&#8221; use_theme_fonts=&#8221;yes&#8221; css_animation=&#8221;fadeIn&#8221; css=&#8221;.vc_custom_1614873741331{padding-top: 50px !important;padding-bottom: 50px !important;}&#8221;][\/vc_column][\/vc_row][vc_row][vc_column][\/vc_column][\/vc_row][vc_row][vc_column][vc_tta_accordion][vc_tta_section title=&#8221;I pi\u0119tro&#8221; tab_id=&#8221;1615466768541-cd247c1f-e1db&#8221;][stm_images_gallery_with_categories images=&#8221;%5B%7B%22category%22%3A%22Pok%C3%B3j%20nr%20201%22%2C%22images_array%22%3A%223355%2C3354%2C3356%2C3357%2C3358%2C3359%2C1983%22%7D%2C%7B%22category%22%3A%22Pok%C3%B3j%20nr%20202%22%2C%22images_array%22%3A%222463%2C2464%2C2458%2C2459%2C2460%2C2461%2C2462%22%7D%2C%7B%22category%22%3A%22Pok%C3%B3j%20nr%20203%22%2C%22images_array%22%3A%222410%2C2469%2C2412%2C2411%2C2466%2C2467%2C2468%2C2008%22%7D%2C%7B%22category%22%3A%22Pok%C3%B3j%20nr%20204%22%2C%22images_array%22%3A%222398%2C2397%2C2399%2C2400%2C2401%2C2402%2C2472%2C2470%2C2471%2C2473%2C2474%2C2475%2C2476%2C2477%2C2478%22%7D%2C%7B%22category%22%3A%22Pok%C3%B3j%20nr%20205%22%2C%22images_array%22%3A%223363%2C3362%2C3365%2C3364%2C3361%2C3366%2C3012%22%7D%2C%7B%22category%22%3A%22Pok%C3%B3j%20nr%20205%22%2C%22images_array%22%3A%222246%2C2247%2C2248%2C2249%22%7D%2C%7B%22category%22%3A%22Pok%C3%B3j%20nr%20206%22%2C%22images_array%22%3A%222484%2C2479%2C2480%2C2481%2C2482%2C2483%2C2485%2C2486%22%7D%2C%7B%7D%5D&#8221; number=&#8221;9&#8243; img_size=&#8221;240&#215;240&#8243;][vc_column_text][\/vc_column_text][\/vc_tta_section][vc_tta_section title=&#8221;II pi\u0119tro&#8221; tab_id=&#8221;1615466768541-3bbc307f-58dd&#8221;][stm_images_gallery_with_categories images=&#8221;%5B%7B%22category%22%3A%22Pok%C3%B3j%20nr%20301%22%2C%22images_array%22%3A%222995%2C2996%2C2997%2C2998%2C2999%2C3000%2C3001%2C3002%22%7D%2C%7B%22category%22%3A%22Pok%C3%B3j%20nr%20302%22%2C%22images_array%22%3A%223071%2C3072%2C3073%2C3074%2C3075%2C1972%2C2498%22%7D%2C%7B%22category%22%3A%22Pok%C3%B3j%20nr%20303%22%2C%22images_array%22%3A%223368%2C3369%2C3370%2C3371%2C3012%22%7D%2C%7B%22category%22%3A%22Pok%C3%B3j%20nr%20304%22%2C%22images_array%22%3A%223068%2C3064%2C3070%2C3065%2C3066%2C3067%2C3069%2C2494%22%7D%5D&#8221; number=&#8221;9&#8243; img_size=&#8221;240&#215;240&#8243;][\/vc_tta_section][\/vc_tta_accordion][\/vc_column][\/vc_row]<\/p>\n","protected":false},"author":1,"featured_media":1949,"parent":0,"menu_order":0,"comment_status":"closed","ping_status":"closed","template":"","meta":[],"yoast_head":"<!-- This site is optimized with the Yoast SEO plugin v16.0 - https:\/\/yoast.com\/wordpress\/plugins\/seo\/ -->\n<title>Willa Monika II - Willa Monika i Restauracja R\u00f3\u017ca Wiatr\u00f3w<\/title>\n<meta name=\"description\" content=\"Pensjonat Monika Pokoje Go\u015bcinne Halama Willa Kwatery Krynica Morska Wczasy Noclegi Pensjonaty R\u00f3\u017ca Wiatr\u00f3w Opinie Restauracja\" \/>\n<link rel=\"canonical\" href=\"http:\/\/monikawilla.pl\/index.php\/willa-monika-ii\/\" \/>\n<meta property=\"og:locale\" content=\"pl_PL\" \/>\n<meta property=\"og:type\" content=\"article\" \/>\n<meta property=\"og:title\" content=\"Willa Monika II - Willa Monika i Restauracja R\u00f3\u017ca Wiatr\u00f3w\" \/>\n<meta property=\"og:description\" content=\"Pensjonat Monika Pokoje Go\u015bcinne Halama Willa Kwatery Krynica Morska Wczasy Noclegi Pensjonaty R\u00f3\u017ca Wiatr\u00f3w Opinie Restauracja\" \/>\n<meta property=\"og:url\" content=\"http:\/\/monikawilla.pl\/index.php\/willa-monika-ii\/\" \/>\n<meta property=\"og:site_name\" content=\"Willa Monika i Restauracja R\u00f3\u017ca Wiatr\u00f3w\" \/>\n<meta property=\"article:publisher\" content=\"https:\/\/www.facebook.com\/Willa-Monika-i-Restauracja-R%c3%b3%c5%bca-Wiatr%c3%b3w-Krynica-Morska-366341340165587\" \/>\n<meta property=\"article:modified_time\" content=\"2025-05-12T14:04:24+00:00\" \/>\n<meta property=\"og:image\" content=\"http:\/\/monikawilla.pl\/wp-content\/uploads\/2021\/03\/Willa-Monika-I-7-10.jpg\" \/>\n\t<meta property=\"og:image:width\" content=\"1126\" \/>\n\t<meta property=\"og:image:height\" content=\"1500\" \/>\n<meta name=\"twitter:card\" content=\"summary_large_image\" \/>\n<meta name=\"twitter:label1\" content=\"Est. reading time\">\n\t<meta name=\"twitter:data1\" content=\"2 minuty\">\n<script type=\"application\/ld+json\" class=\"yoast-schema-graph\">{\"@context\":\"https:\/\/schema.org\",\"@graph\":[{\"@type\":\"Organization\",\"@id\":\"http:\/\/monikawilla.pl\/#organization\",\"name\":\"Willa Monika i Restauracja R\\u00f3\\u017ca Wiatr\\u00f3w - Krynica Morska\",\"url\":\"http:\/\/monikawilla.pl\/\",\"sameAs\":[\"https:\/\/www.facebook.com\/Willa-Monika-i-Restauracja-R\\u00f3\\u017ca-Wiatr\\u00f3w-Krynica-Morska-366341340165587\"],\"logo\":{\"@type\":\"ImageObject\",\"@id\":\"http:\/\/monikawilla.pl\/#logo\",\"inLanguage\":\"pl-PL\",\"url\":\"http:\/\/monikawilla.pl\/wp-content\/uploads\/2021\/02\/logo_willa-monika_wybrane1.png\",\"width\":1772,\"height\":970,\"caption\":\"Willa Monika i Restauracja R\\u00f3\\u017ca Wiatr\\u00f3w - Krynica Morska\"},\"image\":{\"@id\":\"http:\/\/monikawilla.pl\/#logo\"}},{\"@type\":\"WebSite\",\"@id\":\"http:\/\/monikawilla.pl\/#website\",\"url\":\"http:\/\/monikawilla.pl\/\",\"name\":\"Willa Monika i Restauracja R\\u00f3\\u017ca Wiatr\\u00f3w\",\"description\":\"Komfortowe pokoje oraz pyszna restauracja w Krynicy Morskiej\",\"publisher\":{\"@id\":\"http:\/\/monikawilla.pl\/#organization\"},\"potentialAction\":[{\"@type\":\"SearchAction\",\"target\":\"http:\/\/monikawilla.pl\/?s={search_term_string}\",\"query-input\":\"required name=search_term_string\"}],\"inLanguage\":\"pl-PL\"},{\"@type\":\"ImageObject\",\"@id\":\"http:\/\/monikawilla.pl\/index.php\/willa-monika-ii\/#primaryimage\",\"inLanguage\":\"pl-PL\",\"url\":\"http:\/\/monikawilla.pl\/wp-content\/uploads\/2021\/03\/Willa-Monika-I-7-10.jpg\",\"width\":1126,\"height\":1500},{\"@type\":\"WebPage\",\"@id\":\"http:\/\/monikawilla.pl\/index.php\/willa-monika-ii\/#webpage\",\"url\":\"http:\/\/monikawilla.pl\/index.php\/willa-monika-ii\/\",\"name\":\"Willa Monika II - Willa Monika i Restauracja R\\u00f3\\u017ca Wiatr\\u00f3w\",\"isPartOf\":{\"@id\":\"http:\/\/monikawilla.pl\/#website\"},\"primaryImageOfPage\":{\"@id\":\"http:\/\/monikawilla.pl\/index.php\/willa-monika-ii\/#primaryimage\"},\"datePublished\":\"2021-03-04T15:01:22+00:00\",\"dateModified\":\"2025-05-12T14:04:24+00:00\",\"description\":\"Pensjonat Monika Pokoje Go\\u015bcinne Halama Willa Kwatery Krynica Morska Wczasy Noclegi Pensjonaty R\\u00f3\\u017ca Wiatr\\u00f3w Opinie Restauracja\",\"breadcrumb\":{\"@id\":\"http:\/\/monikawilla.pl\/index.php\/willa-monika-ii\/#breadcrumb\"},\"inLanguage\":\"pl-PL\",\"potentialAction\":[{\"@type\":\"ReadAction\",\"target\":[\"http:\/\/monikawilla.pl\/index.php\/willa-monika-ii\/\"]}]},{\"@type\":\"BreadcrumbList\",\"@id\":\"http:\/\/monikawilla.pl\/index.php\/willa-monika-ii\/#breadcrumb\",\"itemListElement\":[{\"@type\":\"ListItem\",\"position\":1,\"item\":{\"@type\":\"WebPage\",\"@id\":\"http:\/\/monikawilla.pl\/\",\"url\":\"http:\/\/monikawilla.pl\/\",\"name\":\"Strona g\\u0142\\u00f3wna\"}},{\"@type\":\"ListItem\",\"position\":2,\"item\":{\"@type\":\"WebPage\",\"@id\":\"http:\/\/monikawilla.pl\/index.php\/willa-monika-ii\/\",\"url\":\"http:\/\/monikawilla.pl\/index.php\/willa-monika-ii\/\",\"name\":\"Willa Monika II\"}}]}]}<\/script>\n<!-- \/ Yoast SEO plugin. -->","_links":{"self":[{"href":"http:\/\/monikawilla.pl\/index.php\/wp-json\/wp\/v2\/pages\/1958"}],"collection":[{"href":"http:\/\/monikawilla.pl\/index.php\/wp-json\/wp\/v2\/pages"}],"about":[{"href":"http:\/\/monikawilla.pl\/index.php\/wp-json\/wp\/v2\/types\/page"}],"author":[{"embeddable":true,"href":"http:\/\/monikawilla.pl\/index.php\/wp-json\/wp\/v2\/users\/1"}],"replies":[{"embeddable":true,"href":"http:\/\/monikawilla.pl\/index.php\/wp-json\/wp\/v2\/comments?post=1958"}],"version-history":[{"count":22,"href":"http:\/\/monikawilla.pl\/index.php\/wp-json\/wp\/v2\/pages\/1958\/revisions"}],"predecessor-version":[{"id":3372,"href":"http:\/\/monikawilla.pl\/index.php\/wp-json\/wp\/v2\/pages\/1958\/revisions\/3372"}],"wp:featuredmedia":[{"embeddable":true,"href":"http:\/\/monikawilla.pl\/index.php\/wp-json\/wp\/v2\/media\/1949"}],"wp:attachment":[{"href":"http:\/\/monikawilla.pl\/index.php\/wp-json\/wp\/v2\/media?parent=1958"}],"curies":[{"name":"wp","href":"https:\/\/api.w.org\/{rel}","templated":true}]}}