{"id":146,"date":"2018-06-04T16:05:39","date_gmt":"2018-06-04T16:05:39","guid":{"rendered":"http:\/\/multipurpose.loc\/hotel\/?page_id=146"},"modified":"2023-01-23T20:07:03","modified_gmt":"2023-01-23T20:07:03","slug":"minispa","status":"publish","type":"page","link":"http:\/\/monikawilla.pl\/index.php\/minispa\/","title":{"rendered":"Mini Spa"},"content":{"rendered":"<p>[vc_row full_width=&#8221;stretch_row&#8221; parallax=&#8221;content-moving&#8221; parallax_image=&#8221;1634&#8243; stm_parallax=&#8221;enable&#8221; shadow_x_offset=&#8221;0&#8243; shadow_y_offset=&#8221;0&#8243; shadow_blur=&#8221;0&#8243; shadow_spread=&#8221;0&#8243; shadow_color=&#8221;&#8221; css=&#8221;.vc_custom_1614347708973{margin-top: 0px !important;border-top-width: 0px !important;padding-top: 120px !important;background-image: url(http:\/\/monikawilla.pl\/wp-content\/uploads\/2021\/02\/MiniSpaMonikaWillaKrynicaMorska.jpg?id=1634) !important;}&#8221; stm_transparent_bg=&#8221;rgba(17,17,17,0.5)&#8221;][vc_column css_animation=&#8221;none&#8221; shadow_x_offset=&#8221;0&#8243; shadow_y_offset=&#8221;0&#8243; shadow_blur=&#8221;0&#8243; shadow_spread=&#8221;0&#8243; shadow_color=&#8221;&#8221; offset=&#8221;vc_col-lg-offset-2 vc_col-lg-8 vc_col-md-offset-2 vc_col-md-8 vc_col-xs-12&#8243;][stm_spacer height_tablet=&#8221;120&#8243; height_mobile=&#8221;70&#8243; height=&#8221;220&#8243;][vc_custom_heading text=&#8221;Mini Spa&#8221; font_container=&#8221;tag:h3|font_size:72|text_align:center|color:%23ffffff&#8221; use_theme_fonts=&#8221;yes&#8221; css=&#8221;.vc_custom_1614347527329{margin-bottom: 30px !important;}&#8221;][vc_column_text css=&#8221;.vc_custom_1674501752831{margin-bottom: 40px !important;}&#8221;]<\/p>\n<p style=\"text-align: center; font-size: 18px; line-height: 30px; font-weight: normal;\"><span style=\"color: #ffffff;\">Go\u015bcie Willi Monika mog\u0105 korzysta\u0107 z Mini Spa ogrodowego za dodatkow\u0105 op\u0142at\u0105<br \/>\n<\/span><\/p>\n<p>[\/vc_column_text][stm_spacer height=&#8221;160&#8243; height_tablet=&#8221;130&#8243; height_mobile=&#8221;70&#8243;][\/vc_column][\/vc_row][vc_row][vc_column][stm_spacer height=&#8221;40&#8243; height_tablet=&#8221;30&#8243; height_mobile=&#8221;20&#8243;][\/vc_column][\/vc_row][vc_row equal_height=&#8221;yes&#8221; content_placement=&#8221;middle&#8221; shadow_x_offset=&#8221;0&#8243; shadow_y_offset=&#8221;0&#8243; shadow_blur=&#8221;0&#8243; shadow_spread=&#8221;0&#8243;][vc_column width=&#8221;1\/3&#8243;][vc_custom_heading text=&#8221;BALIA NORWESKA TZW. SAUNA NORWESKA<br \/>\nBasen z podgrzewan\u0105 wod\u0105 + jacuzzi&#8221; font_container=&#8221;tag:h3|text_align:center&#8221; use_theme_fonts=&#8221;yes&#8221; css_animation=&#8221;fadeIn&#8221;][\/vc_column][vc_column width=&#8221;2\/3&#8243;][vc_column_text css_animation=&#8221;fadeInUp&#8221;]Oferujemy Naszym klientom<\/p>\n<p style=\"text-align: center;\"><strong>&#8211; saun\u0119 ogrodow\u0105\u00a0 typu beczka<\/strong><\/p>\n<p>Korzystanie z sauny to nie tylko idealny spos\u00f3b na sp\u0119dzanie wolnego czasu, ale tak\u017ce idealna forma profilaktyki prozdrowotnej, a dla wielu styl \u017cycia.<\/p>\n<p><strong>Korzy\u015bci z za\u017cywania k\u0105pieli Saunowych:<\/strong><\/p>\n<p>-przyspiesza pozbywanie si\u0119 toksyn z organizmu,<\/p>\n<p>-poprawia koncentracj\u0119 i niweluje poczucie zm\u0119czenia<\/p>\n<p>-wzrost odporno\u015bci organizmu i poprawa kr\u0105\u017cenia<\/p>\n<p>-lepsze uj\u0119drnienie sk\u00f3ry twarzy i cia\u0142a<\/p>\n<p>-regulacja snu<\/p>\n<p>-poprawia samopoczucie w wielu obszarach.<\/p>\n<p style=\"text-align: center;\"><strong>&#8211; basen z jacuzzi z podgrzewan\u0105 wod\u0105<\/strong><\/p>\n<p>W naszej ofercie znajd\u0105 Pa\u0144stwo <strong>r\u00f3wnie\u017c basen jacuzzi z podgrzewan\u0105 wod\u0105<\/strong>, w kt\u00f3rych mo\u017cna si\u0119 ogrza\u0107, skorzysta\u0107 z hydromasa\u017cu.<\/p>\n<p>Basen przeznaczony dla 10 os\u00f3b<\/p>\n<p>Wymiary: 420 cm x 210 cm x 100 cm<\/p>\n<p><strong>Basen z Jacuzzi<\/strong> to wspania\u0142a alternatywa dla basen\u00f3w termalnych. Jacuzzi zewn\u0119trzne \u015bwietnie sprawdza si\u0119 w:<\/p>\n<ul>\n<li>hartowaniu organizmu,<\/li>\n<li>profilaktyce przezi\u0119bienia i grypy,<\/li>\n<li>pozytywnie wp\u0142ywa na uk\u0142ad odporno\u015bciowy i oddechowy.<\/li>\n<\/ul>\n<p><strong>Sauna typu beczka jak i basen z jacuzzi<\/strong> potrafi przede wszystkim dostarczy\u0107 niezapomnianych prze\u017cy\u0107 podczas zimowych wieczor\u00f3w gdy woda jest podgrzewana, a temperatura wody wynosi oko\u0142o 42C, ale tak\u017ce latem gdy wype\u0142niona jest zimn\u0105 wod\u0105,<\/p>\n<p>Relaks w takim zewn\u0119trznym SPA :<\/p>\n<ul>\n<li>to idealne zako\u0144czenie aktywnego dnia.<\/li>\n<li>jest tak\u017ce doskona\u0142ym sposobem na wsp\u00f3lne sp\u0119dzenie czasu wolnego z rodzin\u0105, rozrywki z przyjaci\u00f3\u0142mi, czy te\u017c romantycznego wieczoru we dwoje.<\/li>\n<\/ul>\n<p>[\/vc_column_text][\/vc_column][\/vc_row][vc_row][vc_column width=&#8221;1\/3&#8243;][vc_single_image image=&#8221;2890&#8243; img_size=&#8221;370&#215;450&#8243; alignment=&#8221;center&#8221; style=&#8221;vc_box_shadow_border&#8221; onclick=&#8221;link_image&#8221; css_animation=&#8221;none&#8221;][vc_single_image image=&#8221;2894&#8243; img_size=&#8221;370&#215;450&#8243; alignment=&#8221;center&#8221; style=&#8221;vc_box_shadow_border&#8221; onclick=&#8221;link_image&#8221;][stm_spacer height=&#8221;30&#8243; height_tablet=&#8221;20&#8243; height_mobile=&#8221;10&#8243;][\/vc_column][vc_column width=&#8221;1\/3&#8243;][vc_single_image image=&#8221;2891&#8243; img_size=&#8221;370&#215;450&#8243; alignment=&#8221;center&#8221; style=&#8221;vc_box_shadow_border&#8221; onclick=&#8221;link_image&#8221;][vc_single_image image=&#8221;2895&#8243; img_size=&#8221;370&#215;450&#8243; alignment=&#8221;center&#8221; style=&#8221;vc_box_shadow_border&#8221; onclick=&#8221;link_image&#8221;][stm_spacer height=&#8221;30&#8243; height_tablet=&#8221;20&#8243; height_mobile=&#8221;10&#8243;][\/vc_column][vc_column width=&#8221;1\/3&#8243;][vc_single_image image=&#8221;2892&#8243; img_size=&#8221;370&#215;450&#8243; alignment=&#8221;center&#8221; style=&#8221;vc_box_shadow_border&#8221; onclick=&#8221;link_image&#8221;][vc_single_image image=&#8221;2896&#8243; img_size=&#8221;370&#215;450&#8243; alignment=&#8221;center&#8221; style=&#8221;vc_box_shadow_border&#8221; onclick=&#8221;link_image&#8221;][stm_spacer height=&#8221;30&#8243; height_tablet=&#8221;20&#8243; height_mobile=&#8221;10&#8243;][\/vc_column][\/vc_row]<\/p>\n","protected":false},"excerpt":{"rendered":"<p>[vc_row full_width=&#8221;stretch_row&#8221; parallax=&#8221;content-moving&#8221; parallax_image=&#8221;1634&#8243; stm_parallax=&#8221;enable&#8221; shadow_x_offset=&#8221;0&#8243; shadow_y_offset=&#8221;0&#8243; shadow_blur=&#8221;0&#8243; shadow_spread=&#8221;0&#8243; shadow_color=&#8221;&#8221; css=&#8221;.vc_custom_1614347708973{margin-top: 0px !important;border-top-width: 0px !important;padding-top: 120px !important;background-image: url(http:\/\/monikawilla.pl\/wp-content\/uploads\/2021\/02\/MiniSpaMonikaWillaKrynicaMorska.jpg?id=1634) !important;}&#8221; stm_transparent_bg=&#8221;rgba(17,17,17,0.5)&#8221;][vc_column css_animation=&#8221;none&#8221; shadow_x_offset=&#8221;0&#8243; shadow_y_offset=&#8221;0&#8243; shadow_blur=&#8221;0&#8243; shadow_spread=&#8221;0&#8243; shadow_color=&#8221;&#8221; offset=&#8221;vc_col-lg-offset-2 vc_col-lg-8 vc_col-md-offset-2 vc_col-md-8 vc_col-xs-12&#8243;][stm_spacer height_tablet=&#8221;120&#8243; height_mobile=&#8221;70&#8243; height=&#8221;220&#8243;][vc_custom_heading text=&#8221;Mini Spa&#8221; font_container=&#8221;tag:h3|font_size:72|text_align:center|color:%23ffffff&#8221; use_theme_fonts=&#8221;yes&#8221; css=&#8221;.vc_custom_1614347527329{margin-bottom: 30px !important;}&#8221;][vc_column_text css=&#8221;.vc_custom_1674501752831{margin-bottom: 40px !important;}&#8221;] Go\u015bcie Willi Monika mog\u0105 korzysta\u0107 z Mini Spa ogrodowego za dodatkow\u0105 [&hellip;]<\/p>\n","protected":false},"author":1,"featured_media":0,"parent":0,"menu_order":0,"comment_status":"closed","ping_status":"closed","template":"","meta":[],"yoast_head":"<!-- This site is optimized with the Yoast SEO plugin v16.0 - https:\/\/yoast.com\/wordpress\/plugins\/seo\/ -->\n<title>Mini Spa - Willa Monika i Restauracja R\u00f3\u017ca Wiatr\u00f3w<\/title>\n<meta name=\"description\" content=\"Mini Spa Pensjonat Monika Pokoje Go\u015bcinne Halama Willa Kwatery Krynica Morska Wczasy Noclegi Pensjonaty R\u00f3\u017ca Wiatr\u00f3w Opinie Restauracja\" \/>\n<link rel=\"canonical\" href=\"http:\/\/monikawilla.pl\/index.php\/minispa\/\" \/>\n<meta property=\"og:locale\" content=\"pl_PL\" \/>\n<meta property=\"og:type\" content=\"article\" \/>\n<meta property=\"og:title\" content=\"Mini Spa - Willa Monika i Restauracja R\u00f3\u017ca Wiatr\u00f3w\" \/>\n<meta property=\"og:description\" content=\"Mini Spa Pensjonat Monika Pokoje Go\u015bcinne Halama Willa Kwatery Krynica Morska Wczasy Noclegi Pensjonaty R\u00f3\u017ca Wiatr\u00f3w Opinie Restauracja\" \/>\n<meta property=\"og:url\" content=\"http:\/\/monikawilla.pl\/index.php\/minispa\/\" \/>\n<meta property=\"og:site_name\" content=\"Willa Monika i Restauracja R\u00f3\u017ca Wiatr\u00f3w\" \/>\n<meta property=\"article:publisher\" content=\"https:\/\/www.facebook.com\/Willa-Monika-i-Restauracja-R%c3%b3%c5%bca-Wiatr%c3%b3w-Krynica-Morska-366341340165587\" \/>\n<meta property=\"article:modified_time\" content=\"2023-01-23T20:07:03+00:00\" \/>\n<meta property=\"og:image\" content=\"http:\/\/monikawilla.pl\/wp-content\/uploads\/2021\/02\/logo_willa-monika_wybrane1.png\" \/>\n\t<meta property=\"og:image:width\" content=\"1772\" \/>\n\t<meta property=\"og:image:height\" content=\"970\" \/>\n<meta name=\"twitter:card\" content=\"summary_large_image\" \/>\n<meta name=\"twitter:label1\" content=\"Est. reading time\">\n\t<meta name=\"twitter:data1\" content=\"2 minuty\">\n<script type=\"application\/ld+json\" class=\"yoast-schema-graph\">{\"@context\":\"https:\/\/schema.org\",\"@graph\":[{\"@type\":\"Organization\",\"@id\":\"http:\/\/monikawilla.pl\/#organization\",\"name\":\"Willa Monika i Restauracja R\\u00f3\\u017ca Wiatr\\u00f3w - Krynica Morska\",\"url\":\"http:\/\/monikawilla.pl\/\",\"sameAs\":[\"https:\/\/www.facebook.com\/Willa-Monika-i-Restauracja-R\\u00f3\\u017ca-Wiatr\\u00f3w-Krynica-Morska-366341340165587\"],\"logo\":{\"@type\":\"ImageObject\",\"@id\":\"http:\/\/monikawilla.pl\/#logo\",\"inLanguage\":\"pl-PL\",\"url\":\"http:\/\/monikawilla.pl\/wp-content\/uploads\/2021\/02\/logo_willa-monika_wybrane1.png\",\"width\":1772,\"height\":970,\"caption\":\"Willa Monika i Restauracja R\\u00f3\\u017ca Wiatr\\u00f3w - Krynica Morska\"},\"image\":{\"@id\":\"http:\/\/monikawilla.pl\/#logo\"}},{\"@type\":\"WebSite\",\"@id\":\"http:\/\/monikawilla.pl\/#website\",\"url\":\"http:\/\/monikawilla.pl\/\",\"name\":\"Willa Monika i Restauracja R\\u00f3\\u017ca Wiatr\\u00f3w\",\"description\":\"Komfortowe pokoje oraz pyszna restauracja w Krynicy Morskiej\",\"publisher\":{\"@id\":\"http:\/\/monikawilla.pl\/#organization\"},\"potentialAction\":[{\"@type\":\"SearchAction\",\"target\":\"http:\/\/monikawilla.pl\/?s={search_term_string}\",\"query-input\":\"required name=search_term_string\"}],\"inLanguage\":\"pl-PL\"},{\"@type\":\"WebPage\",\"@id\":\"http:\/\/monikawilla.pl\/index.php\/minispa\/#webpage\",\"url\":\"http:\/\/monikawilla.pl\/index.php\/minispa\/\",\"name\":\"Mini Spa - Willa Monika i Restauracja R\\u00f3\\u017ca Wiatr\\u00f3w\",\"isPartOf\":{\"@id\":\"http:\/\/monikawilla.pl\/#website\"},\"datePublished\":\"2018-06-04T16:05:39+00:00\",\"dateModified\":\"2023-01-23T20:07:03+00:00\",\"description\":\"Mini Spa Pensjonat Monika Pokoje Go\\u015bcinne Halama Willa Kwatery Krynica Morska Wczasy Noclegi Pensjonaty R\\u00f3\\u017ca Wiatr\\u00f3w Opinie Restauracja\",\"breadcrumb\":{\"@id\":\"http:\/\/monikawilla.pl\/index.php\/minispa\/#breadcrumb\"},\"inLanguage\":\"pl-PL\",\"potentialAction\":[{\"@type\":\"ReadAction\",\"target\":[\"http:\/\/monikawilla.pl\/index.php\/minispa\/\"]}]},{\"@type\":\"BreadcrumbList\",\"@id\":\"http:\/\/monikawilla.pl\/index.php\/minispa\/#breadcrumb\",\"itemListElement\":[{\"@type\":\"ListItem\",\"position\":1,\"item\":{\"@type\":\"WebPage\",\"@id\":\"http:\/\/monikawilla.pl\/\",\"url\":\"http:\/\/monikawilla.pl\/\",\"name\":\"Strona g\\u0142\\u00f3wna\"}},{\"@type\":\"ListItem\",\"position\":2,\"item\":{\"@type\":\"WebPage\",\"@id\":\"http:\/\/monikawilla.pl\/index.php\/minispa\/\",\"url\":\"http:\/\/monikawilla.pl\/index.php\/minispa\/\",\"name\":\"Mini Spa\"}}]}]}<\/script>\n<!-- \/ Yoast SEO plugin. -->","_links":{"self":[{"href":"http:\/\/monikawilla.pl\/index.php\/wp-json\/wp\/v2\/pages\/146"}],"collection":[{"href":"http:\/\/monikawilla.pl\/index.php\/wp-json\/wp\/v2\/pages"}],"about":[{"href":"http:\/\/monikawilla.pl\/index.php\/wp-json\/wp\/v2\/types\/page"}],"author":[{"embeddable":true,"href":"http:\/\/monikawilla.pl\/index.php\/wp-json\/wp\/v2\/users\/1"}],"replies":[{"embeddable":true,"href":"http:\/\/monikawilla.pl\/index.php\/wp-json\/wp\/v2\/comments?post=146"}],"version-history":[{"count":41,"href":"http:\/\/monikawilla.pl\/index.php\/wp-json\/wp\/v2\/pages\/146\/revisions"}],"predecessor-version":[{"id":2904,"href":"http:\/\/monikawilla.pl\/index.php\/wp-json\/wp\/v2\/pages\/146\/revisions\/2904"}],"wp:attachment":[{"href":"http:\/\/monikawilla.pl\/index.php\/wp-json\/wp\/v2\/media?parent=146"}],"curies":[{"name":"wp","href":"https:\/\/api.w.org\/{rel}","templated":true}]}}